{"id":9699,"date":"2014-10-28T11:51:16","date_gmt":"2014-10-28T11:51:16","guid":{"rendered":"http:\/\/www.hts.com.pl\/kontakt\/"},"modified":"2022-02-04T08:50:20","modified_gmt":"2022-02-04T08:50:20","slug":"contact","status":"publish","type":"page","link":"https:\/\/test.hts.com.pl\/en\/contact\/","title":{"rendered":"Contact"},"content":{"rendered":"<p><a href=\"http:\/\/hts.net.pl\/wp-content\/uploads\/2014\/10\/dowodu-m\u0119\u017cczyzna-fotografii-potomstwa-17677830.jpg\"><img decoding=\"async\" loading=\"lazy\" class=\"alignnone size-medium wp-image-4184\" src=\"http:\/\/hts.net.pl\/wp-content\/uploads\/2014\/10\/dowodu-m\u0119\u017cczyzna-fotografii-potomstwa-17677830-195x300.jpg\" alt=\"dowodu-m\u0119\u017cczyzna-fotografii-potomstwa-17677830\" width=\"195\" height=\"300\"><\/a><\/p>\n","protected":false},"excerpt":{"rendered":"","protected":false},"author":2,"featured_media":10050,"parent":0,"menu_order":0,"comment_status":"open","ping_status":"open","template":"contact_page.php","meta":{"footnotes":""},"acf":[],"yoast_head":"<!-- This site is optimized with the Yoast SEO plugin v21.3 - https:\/\/yoast.com\/wordpress\/plugins\/seo\/ -->\n<title>Kontakt - hurtownia HTS<\/title>\n<meta name=\"description\" content=\"HTS jako dobrze wyposa\u017cona hurtownia klimatyzacyjna i wentylacyjna, wyr\u00f3\u017cnia si\u0119 kompleksow\u0105 ofert\u0105, profesjonalizmem i szybk\u0105 realizacj\u0105 zam\u00f3wie\u0144. Zapraszamy do kontaktu!\" \/>\n<meta name=\"robots\" content=\"noindex, follow, max-snippet:-1, max-image-preview:large, max-video-preview:-1\" \/>\n<meta property=\"og:locale\" content=\"en_US\" \/>\n<meta property=\"og:type\" content=\"article\" \/>\n<meta property=\"og:title\" content=\"Kontakt - hurtownia HTS\" \/>\n<meta property=\"og:description\" content=\"HTS jako dobrze wyposa\u017cona hurtownia klimatyzacyjna i wentylacyjna, wyr\u00f3\u017cnia si\u0119 kompleksow\u0105 ofert\u0105, profesjonalizmem i szybk\u0105 realizacj\u0105 zam\u00f3wie\u0144. Zapraszamy do kontaktu!\" \/>\n<meta property=\"og:url\" content=\"http:\/\/test.hts.com.pl\/kontakt\/\" \/>\n<meta property=\"og:site_name\" content=\"hts\" \/>\n<meta property=\"article:modified_time\" content=\"2022-02-04T08:50:20+00:00\" \/>\n<meta property=\"og:image\" content=\"http:\/\/test.hts.com.pl\/wp-content\/uploads\/2014\/10\/banner-kontakt.jpg\" \/>\n\t<meta property=\"og:image:width\" content=\"1400\" \/>\n\t<meta property=\"og:image:height\" content=\"250\" \/>\n\t<meta property=\"og:image:type\" content=\"image\/jpeg\" \/>\n<meta name=\"twitter:card\" content=\"summary_large_image\" \/>\n<meta name=\"twitter:label1\" content=\"Est. reading time\" \/>\n\t<meta name=\"twitter:data1\" content=\"1 minute\" \/>\n<script type=\"application\/ld+json\" class=\"yoast-schema-graph\">{\"@context\":\"https:\/\/schema.org\",\"@graph\":[{\"@type\":\"WebPage\",\"@id\":\"http:\/\/test.hts.com.pl\/kontakt\/\",\"url\":\"http:\/\/test.hts.com.pl\/kontakt\/\",\"name\":\"Kontakt - hurtownia HTS\",\"isPartOf\":{\"@id\":\"http:\/\/test.hts.com.pl\/#website\"},\"datePublished\":\"2014-10-28T11:51:16+00:00\",\"dateModified\":\"2022-02-04T08:50:20+00:00\",\"description\":\"HTS jako dobrze wyposa\u017cona hurtownia klimatyzacyjna i wentylacyjna, wyr\u00f3\u017cnia si\u0119 kompleksow\u0105 ofert\u0105, profesjonalizmem i szybk\u0105 realizacj\u0105 zam\u00f3wie\u0144. Zapraszamy do kontaktu!\",\"breadcrumb\":{\"@id\":\"http:\/\/test.hts.com.pl\/kontakt\/#breadcrumb\"},\"inLanguage\":\"en-US\",\"potentialAction\":[{\"@type\":\"ReadAction\",\"target\":[\"http:\/\/test.hts.com.pl\/kontakt\/\"]}]},{\"@type\":\"BreadcrumbList\",\"@id\":\"http:\/\/test.hts.com.pl\/kontakt\/#breadcrumb\",\"itemListElement\":[{\"@type\":\"ListItem\",\"position\":1,\"name\":\"Strona g\u0142\u00f3wna\",\"item\":\"http:\/\/test.hts.com.pl\/\"},{\"@type\":\"ListItem\",\"position\":2,\"name\":\"Contact\"}]},{\"@type\":\"WebSite\",\"@id\":\"http:\/\/test.hts.com.pl\/#website\",\"url\":\"http:\/\/test.hts.com.pl\/\",\"name\":\"hts\",\"description\":\"ca\u0142y \u015bwiat wentylacji\",\"potentialAction\":[{\"@type\":\"SearchAction\",\"target\":{\"@type\":\"EntryPoint\",\"urlTemplate\":\"http:\/\/test.hts.com.pl\/?s={search_term_string}\"},\"query-input\":\"required name=search_term_string\"}],\"inLanguage\":\"en-US\"}]}<\/script>\n<!-- \/ Yoast SEO plugin. -->","yoast_head_json":{"title":"Kontakt - hurtownia HTS","description":"HTS jako dobrze wyposa\u017cona hurtownia klimatyzacyjna i wentylacyjna, wyr\u00f3\u017cnia si\u0119 kompleksow\u0105 ofert\u0105, profesjonalizmem i szybk\u0105 realizacj\u0105 zam\u00f3wie\u0144. Zapraszamy do kontaktu!","robots":{"index":"noindex","follow":"follow","max-snippet":"max-snippet:-1","max-image-preview":"max-image-preview:large","max-video-preview":"max-video-preview:-1"},"og_locale":"en_US","og_type":"article","og_title":"Kontakt - hurtownia HTS","og_description":"HTS jako dobrze wyposa\u017cona hurtownia klimatyzacyjna i wentylacyjna, wyr\u00f3\u017cnia si\u0119 kompleksow\u0105 ofert\u0105, profesjonalizmem i szybk\u0105 realizacj\u0105 zam\u00f3wie\u0144. Zapraszamy do kontaktu!","og_url":"http:\/\/test.hts.com.pl\/kontakt\/","og_site_name":"hts","article_modified_time":"2022-02-04T08:50:20+00:00","og_image":[{"width":1400,"height":250,"url":"http:\/\/test.hts.com.pl\/wp-content\/uploads\/2014\/10\/banner-kontakt.jpg","type":"image\/jpeg"}],"twitter_card":"summary_large_image","twitter_misc":{"Est. reading time":"1 minute"},"schema":{"@context":"https:\/\/schema.org","@graph":[{"@type":"WebPage","@id":"http:\/\/test.hts.com.pl\/kontakt\/","url":"http:\/\/test.hts.com.pl\/kontakt\/","name":"Kontakt - hurtownia HTS","isPartOf":{"@id":"http:\/\/test.hts.com.pl\/#website"},"datePublished":"2014-10-28T11:51:16+00:00","dateModified":"2022-02-04T08:50:20+00:00","description":"HTS jako dobrze wyposa\u017cona hurtownia klimatyzacyjna i wentylacyjna, wyr\u00f3\u017cnia si\u0119 kompleksow\u0105 ofert\u0105, profesjonalizmem i szybk\u0105 realizacj\u0105 zam\u00f3wie\u0144. Zapraszamy do kontaktu!","breadcrumb":{"@id":"http:\/\/test.hts.com.pl\/kontakt\/#breadcrumb"},"inLanguage":"en-US","potentialAction":[{"@type":"ReadAction","target":["http:\/\/test.hts.com.pl\/kontakt\/"]}]},{"@type":"BreadcrumbList","@id":"http:\/\/test.hts.com.pl\/kontakt\/#breadcrumb","itemListElement":[{"@type":"ListItem","position":1,"name":"Strona g\u0142\u00f3wna","item":"http:\/\/test.hts.com.pl\/"},{"@type":"ListItem","position":2,"name":"Contact"}]},{"@type":"WebSite","@id":"http:\/\/test.hts.com.pl\/#website","url":"http:\/\/test.hts.com.pl\/","name":"hts","description":"ca\u0142y \u015bwiat wentylacji","potentialAction":[{"@type":"SearchAction","target":{"@type":"EntryPoint","urlTemplate":"http:\/\/test.hts.com.pl\/?s={search_term_string}"},"query-input":"required name=search_term_string"}],"inLanguage":"en-US"}]}},"_links":{"self":[{"href":"https:\/\/test.hts.com.pl\/en\/wp-json\/wp\/v2\/pages\/9699"}],"collection":[{"href":"https:\/\/test.hts.com.pl\/en\/wp-json\/wp\/v2\/pages"}],"about":[{"href":"https:\/\/test.hts.com.pl\/en\/wp-json\/wp\/v2\/types\/page"}],"author":[{"embeddable":true,"href":"https:\/\/test.hts.com.pl\/en\/wp-json\/wp\/v2\/users\/2"}],"replies":[{"embeddable":true,"href":"https:\/\/test.hts.com.pl\/en\/wp-json\/wp\/v2\/comments?post=9699"}],"version-history":[{"count":25,"href":"https:\/\/test.hts.com.pl\/en\/wp-json\/wp\/v2\/pages\/9699\/revisions"}],"predecessor-version":[{"id":20670,"href":"https:\/\/test.hts.com.pl\/en\/wp-json\/wp\/v2\/pages\/9699\/revisions\/20670"}],"wp:featuredmedia":[{"embeddable":true,"href":"https:\/\/test.hts.com.pl\/en\/wp-json\/wp\/v2\/media\/10050"}],"wp:attachment":[{"href":"https:\/\/test.hts.com.pl\/en\/wp-json\/wp\/v2\/media?parent=9699"}],"curies":[{"name":"wp","href":"https:\/\/api.w.org\/{rel}","templated":true}]}}