{"id":9700,"date":"2014-10-28T11:51:06","date_gmt":"2014-10-28T11:51:06","guid":{"rendered":"http:\/\/www.hts.com.pl\/promocje\/"},"modified":"2018-04-25T08:51:30","modified_gmt":"2018-04-25T08:51:30","slug":"specials","status":"publish","type":"page","link":"https:\/\/test.hts.com.pl\/en\/specials\/","title":{"rendered":"specials"},"content":{"rendered":"<p style=\"text-align: center;\">Due to the huge interest in our sales offer, we are introducing attractive promotions for our clients. Thanks to this, it is possible to buy good quality devices at favorable prices. We encourage you to follow the bargains and benefit the promotional offer.<\/p>\n","protected":false},"excerpt":{"rendered":"<p>Due to the huge interest in our sales offer, we are introducing attractive promotions for our clients. Thanks to this, it is possible to buy good quality devices at favorable [&hellip;]<\/p>\n","protected":false},"author":2,"featured_media":11893,"parent":0,"menu_order":0,"comment_status":"open","ping_status":"open","template":"promo.php","meta":{"footnotes":""},"acf":[],"yoast_head":"<!-- This site is optimized with the Yoast SEO plugin v21.3 - https:\/\/yoast.com\/wordpress\/plugins\/seo\/ -->\n<title>Wentylacja Spiro i inne urz\u0105dzania \u2013 promocje w HTS<\/title>\n<meta name=\"description\" content=\"Oferujemy wysokiej jako\u015bci produkty do tworzenia system\u00f3w wentylacyjnych i klimatyzacyjnych. Dowiedz si\u0119 jakie promocje dla ciebie przygotowali\u015bmy.\" \/>\n<meta name=\"robots\" content=\"noindex, follow, max-snippet:-1, max-image-preview:large, max-video-preview:-1\" \/>\n<meta property=\"og:locale\" content=\"en_US\" \/>\n<meta property=\"og:type\" content=\"article\" \/>\n<meta property=\"og:title\" content=\"Wentylacja Spiro i inne urz\u0105dzania \u2013 promocje w HTS\" \/>\n<meta property=\"og:description\" content=\"Oferujemy wysokiej jako\u015bci produkty do tworzenia system\u00f3w wentylacyjnych i klimatyzacyjnych. Dowiedz si\u0119 jakie promocje dla ciebie przygotowali\u015bmy.\" \/>\n<meta property=\"og:url\" content=\"http:\/\/test.hts.com.pl\/promocje\/\" \/>\n<meta property=\"og:site_name\" content=\"hts\" \/>\n<meta property=\"article:modified_time\" content=\"2018-04-25T08:51:30+00:00\" \/>\n<meta property=\"og:image\" content=\"http:\/\/test.hts.com.pl\/wp-content\/uploads\/2014\/10\/banner-promocje.jpg\" \/>\n\t<meta property=\"og:image:width\" content=\"1400\" \/>\n\t<meta property=\"og:image:height\" content=\"250\" \/>\n\t<meta property=\"og:image:type\" content=\"image\/jpeg\" \/>\n<meta name=\"twitter:card\" content=\"summary_large_image\" \/>\n<script type=\"application\/ld+json\" class=\"yoast-schema-graph\">{\"@context\":\"https:\/\/schema.org\",\"@graph\":[{\"@type\":\"WebPage\",\"@id\":\"http:\/\/test.hts.com.pl\/promocje\/\",\"url\":\"http:\/\/test.hts.com.pl\/promocje\/\",\"name\":\"Wentylacja Spiro i inne urz\u0105dzania \u2013 promocje w HTS\",\"isPartOf\":{\"@id\":\"http:\/\/test.hts.com.pl\/#website\"},\"datePublished\":\"2014-10-28T11:51:06+00:00\",\"dateModified\":\"2018-04-25T08:51:30+00:00\",\"description\":\"Oferujemy wysokiej jako\u015bci produkty do tworzenia system\u00f3w wentylacyjnych i klimatyzacyjnych. Dowiedz si\u0119 jakie promocje dla ciebie przygotowali\u015bmy.\",\"breadcrumb\":{\"@id\":\"http:\/\/test.hts.com.pl\/promocje\/#breadcrumb\"},\"inLanguage\":\"en-US\",\"potentialAction\":[{\"@type\":\"ReadAction\",\"target\":[\"http:\/\/test.hts.com.pl\/promocje\/\"]}]},{\"@type\":\"BreadcrumbList\",\"@id\":\"http:\/\/test.hts.com.pl\/promocje\/#breadcrumb\",\"itemListElement\":[{\"@type\":\"ListItem\",\"position\":1,\"name\":\"Strona g\u0142\u00f3wna\",\"item\":\"http:\/\/test.hts.com.pl\/\"},{\"@type\":\"ListItem\",\"position\":2,\"name\":\"specials\"}]},{\"@type\":\"WebSite\",\"@id\":\"http:\/\/test.hts.com.pl\/#website\",\"url\":\"http:\/\/test.hts.com.pl\/\",\"name\":\"hts\",\"description\":\"ca\u0142y \u015bwiat wentylacji\",\"potentialAction\":[{\"@type\":\"SearchAction\",\"target\":{\"@type\":\"EntryPoint\",\"urlTemplate\":\"http:\/\/test.hts.com.pl\/?s={search_term_string}\"},\"query-input\":\"required name=search_term_string\"}],\"inLanguage\":\"en-US\"}]}<\/script>\n<!-- \/ Yoast SEO plugin. -->","yoast_head_json":{"title":"Wentylacja Spiro i inne urz\u0105dzania \u2013 promocje w HTS","description":"Oferujemy wysokiej jako\u015bci produkty do tworzenia system\u00f3w wentylacyjnych i klimatyzacyjnych. Dowiedz si\u0119 jakie promocje dla ciebie przygotowali\u015bmy.","robots":{"index":"noindex","follow":"follow","max-snippet":"max-snippet:-1","max-image-preview":"max-image-preview:large","max-video-preview":"max-video-preview:-1"},"og_locale":"en_US","og_type":"article","og_title":"Wentylacja Spiro i inne urz\u0105dzania \u2013 promocje w HTS","og_description":"Oferujemy wysokiej jako\u015bci produkty do tworzenia system\u00f3w wentylacyjnych i klimatyzacyjnych. Dowiedz si\u0119 jakie promocje dla ciebie przygotowali\u015bmy.","og_url":"http:\/\/test.hts.com.pl\/promocje\/","og_site_name":"hts","article_modified_time":"2018-04-25T08:51:30+00:00","og_image":[{"width":1400,"height":250,"url":"http:\/\/test.hts.com.pl\/wp-content\/uploads\/2014\/10\/banner-promocje.jpg","type":"image\/jpeg"}],"twitter_card":"summary_large_image","schema":{"@context":"https:\/\/schema.org","@graph":[{"@type":"WebPage","@id":"http:\/\/test.hts.com.pl\/promocje\/","url":"http:\/\/test.hts.com.pl\/promocje\/","name":"Wentylacja Spiro i inne urz\u0105dzania \u2013 promocje w HTS","isPartOf":{"@id":"http:\/\/test.hts.com.pl\/#website"},"datePublished":"2014-10-28T11:51:06+00:00","dateModified":"2018-04-25T08:51:30+00:00","description":"Oferujemy wysokiej jako\u015bci produkty do tworzenia system\u00f3w wentylacyjnych i klimatyzacyjnych. Dowiedz si\u0119 jakie promocje dla ciebie przygotowali\u015bmy.","breadcrumb":{"@id":"http:\/\/test.hts.com.pl\/promocje\/#breadcrumb"},"inLanguage":"en-US","potentialAction":[{"@type":"ReadAction","target":["http:\/\/test.hts.com.pl\/promocje\/"]}]},{"@type":"BreadcrumbList","@id":"http:\/\/test.hts.com.pl\/promocje\/#breadcrumb","itemListElement":[{"@type":"ListItem","position":1,"name":"Strona g\u0142\u00f3wna","item":"http:\/\/test.hts.com.pl\/"},{"@type":"ListItem","position":2,"name":"specials"}]},{"@type":"WebSite","@id":"http:\/\/test.hts.com.pl\/#website","url":"http:\/\/test.hts.com.pl\/","name":"hts","description":"ca\u0142y \u015bwiat wentylacji","potentialAction":[{"@type":"SearchAction","target":{"@type":"EntryPoint","urlTemplate":"http:\/\/test.hts.com.pl\/?s={search_term_string}"},"query-input":"required name=search_term_string"}],"inLanguage":"en-US"}]}},"_links":{"self":[{"href":"https:\/\/test.hts.com.pl\/en\/wp-json\/wp\/v2\/pages\/9700"}],"collection":[{"href":"https:\/\/test.hts.com.pl\/en\/wp-json\/wp\/v2\/pages"}],"about":[{"href":"https:\/\/test.hts.com.pl\/en\/wp-json\/wp\/v2\/types\/page"}],"author":[{"embeddable":true,"href":"https:\/\/test.hts.com.pl\/en\/wp-json\/wp\/v2\/users\/2"}],"replies":[{"embeddable":true,"href":"https:\/\/test.hts.com.pl\/en\/wp-json\/wp\/v2\/comments?post=9700"}],"version-history":[{"count":4,"href":"https:\/\/test.hts.com.pl\/en\/wp-json\/wp\/v2\/pages\/9700\/revisions"}],"predecessor-version":[{"id":17348,"href":"https:\/\/test.hts.com.pl\/en\/wp-json\/wp\/v2\/pages\/9700\/revisions\/17348"}],"wp:featuredmedia":[{"embeddable":true,"href":"https:\/\/test.hts.com.pl\/en\/wp-json\/wp\/v2\/media\/11893"}],"wp:attachment":[{"href":"https:\/\/test.hts.com.pl\/en\/wp-json\/wp\/v2\/media?parent=9700"}],"curies":[{"name":"wp","href":"https:\/\/api.w.org\/{rel}","templated":true}]}}