{"id":9701,"date":"2014-10-28T11:50:54","date_gmt":"2014-10-28T11:50:54","guid":{"rendered":"http:\/\/www.hts.com.pl\/aktualnosci\/"},"modified":"2017-11-27T14:30:49","modified_gmt":"2017-11-27T14:30:49","slug":"news","status":"publish","type":"page","link":"https:\/\/test.hts.com.pl\/en\/news\/","title":{"rendered":"news"},"content":{"rendered":"<p style=\"text-align: center;\">All our clients are privileged to buy high quality products in very good prices. Our stock is getting wider and wider. Feel encouraged to be first to know our news and sales.<\/p>\n","protected":false},"excerpt":{"rendered":"<p>All our clients are privileged to buy high quality products in very good prices. Our stock is getting wider and wider. Feel encouraged to be first to know our news [&hellip;]<\/p>\n","protected":false},"author":2,"featured_media":10048,"parent":0,"menu_order":0,"comment_status":"open","ping_status":"open","template":"news.php","meta":{"footnotes":""},"acf":[],"yoast_head":"<!-- This site is optimized with the Yoast SEO plugin v21.3 - https:\/\/yoast.com\/wordpress\/plugins\/seo\/ -->\n<title>Hurtownia klimatyzator\u00f3w i wentylator\u00f3w \u2013 aktualno\u015bci<\/title>\n<meta name=\"description\" content=\"Nieustannie poszerzamy ofert\u0119 naszej hurtowni. Dzi\u0119ki czemu mo\u017cliwe jest dokonanie kompleksowych zakup\u00f3w w jednym miejscu. Zapraszamy!\" \/>\n<meta name=\"robots\" content=\"noindex, follow, max-snippet:-1, max-image-preview:large, max-video-preview:-1\" \/>\n<meta property=\"og:locale\" content=\"en_US\" \/>\n<meta property=\"og:type\" content=\"article\" \/>\n<meta property=\"og:title\" content=\"Hurtownia klimatyzator\u00f3w i wentylator\u00f3w \u2013 aktualno\u015bci\" \/>\n<meta property=\"og:description\" content=\"Nieustannie poszerzamy ofert\u0119 naszej hurtowni. Dzi\u0119ki czemu mo\u017cliwe jest dokonanie kompleksowych zakup\u00f3w w jednym miejscu. Zapraszamy!\" \/>\n<meta property=\"og:url\" content=\"http:\/\/test.hts.com.pl\/aktualnosci\/\" \/>\n<meta property=\"og:site_name\" content=\"hts\" \/>\n<meta property=\"article:modified_time\" content=\"2017-11-27T14:30:49+00:00\" \/>\n<meta property=\"og:image\" content=\"http:\/\/test.hts.com.pl\/wp-content\/uploads\/2014\/10\/banner-aktualnosci.jpg\" \/>\n\t<meta property=\"og:image:width\" content=\"1400\" \/>\n\t<meta property=\"og:image:height\" content=\"250\" \/>\n\t<meta property=\"og:image:type\" content=\"image\/jpeg\" \/>\n<meta name=\"twitter:card\" content=\"summary_large_image\" \/>\n<script type=\"application\/ld+json\" class=\"yoast-schema-graph\">{\"@context\":\"https:\/\/schema.org\",\"@graph\":[{\"@type\":\"WebPage\",\"@id\":\"http:\/\/test.hts.com.pl\/aktualnosci\/\",\"url\":\"http:\/\/test.hts.com.pl\/aktualnosci\/\",\"name\":\"Hurtownia klimatyzator\u00f3w i wentylator\u00f3w \u2013 aktualno\u015bci\",\"isPartOf\":{\"@id\":\"http:\/\/test.hts.com.pl\/#website\"},\"datePublished\":\"2014-10-28T11:50:54+00:00\",\"dateModified\":\"2017-11-27T14:30:49+00:00\",\"description\":\"Nieustannie poszerzamy ofert\u0119 naszej hurtowni. Dzi\u0119ki czemu mo\u017cliwe jest dokonanie kompleksowych zakup\u00f3w w jednym miejscu. Zapraszamy!\",\"breadcrumb\":{\"@id\":\"http:\/\/test.hts.com.pl\/aktualnosci\/#breadcrumb\"},\"inLanguage\":\"en-US\",\"potentialAction\":[{\"@type\":\"ReadAction\",\"target\":[\"http:\/\/test.hts.com.pl\/aktualnosci\/\"]}]},{\"@type\":\"BreadcrumbList\",\"@id\":\"http:\/\/test.hts.com.pl\/aktualnosci\/#breadcrumb\",\"itemListElement\":[{\"@type\":\"ListItem\",\"position\":1,\"name\":\"Strona g\u0142\u00f3wna\",\"item\":\"http:\/\/test.hts.com.pl\/\"},{\"@type\":\"ListItem\",\"position\":2,\"name\":\"news\"}]},{\"@type\":\"WebSite\",\"@id\":\"http:\/\/test.hts.com.pl\/#website\",\"url\":\"http:\/\/test.hts.com.pl\/\",\"name\":\"hts\",\"description\":\"ca\u0142y \u015bwiat wentylacji\",\"potentialAction\":[{\"@type\":\"SearchAction\",\"target\":{\"@type\":\"EntryPoint\",\"urlTemplate\":\"http:\/\/test.hts.com.pl\/?s={search_term_string}\"},\"query-input\":\"required name=search_term_string\"}],\"inLanguage\":\"en-US\"}]}<\/script>\n<!-- \/ Yoast SEO plugin. -->","yoast_head_json":{"title":"Hurtownia klimatyzator\u00f3w i wentylator\u00f3w \u2013 aktualno\u015bci","description":"Nieustannie poszerzamy ofert\u0119 naszej hurtowni. Dzi\u0119ki czemu mo\u017cliwe jest dokonanie kompleksowych zakup\u00f3w w jednym miejscu. Zapraszamy!","robots":{"index":"noindex","follow":"follow","max-snippet":"max-snippet:-1","max-image-preview":"max-image-preview:large","max-video-preview":"max-video-preview:-1"},"og_locale":"en_US","og_type":"article","og_title":"Hurtownia klimatyzator\u00f3w i wentylator\u00f3w \u2013 aktualno\u015bci","og_description":"Nieustannie poszerzamy ofert\u0119 naszej hurtowni. Dzi\u0119ki czemu mo\u017cliwe jest dokonanie kompleksowych zakup\u00f3w w jednym miejscu. Zapraszamy!","og_url":"http:\/\/test.hts.com.pl\/aktualnosci\/","og_site_name":"hts","article_modified_time":"2017-11-27T14:30:49+00:00","og_image":[{"width":1400,"height":250,"url":"http:\/\/test.hts.com.pl\/wp-content\/uploads\/2014\/10\/banner-aktualnosci.jpg","type":"image\/jpeg"}],"twitter_card":"summary_large_image","schema":{"@context":"https:\/\/schema.org","@graph":[{"@type":"WebPage","@id":"http:\/\/test.hts.com.pl\/aktualnosci\/","url":"http:\/\/test.hts.com.pl\/aktualnosci\/","name":"Hurtownia klimatyzator\u00f3w i wentylator\u00f3w \u2013 aktualno\u015bci","isPartOf":{"@id":"http:\/\/test.hts.com.pl\/#website"},"datePublished":"2014-10-28T11:50:54+00:00","dateModified":"2017-11-27T14:30:49+00:00","description":"Nieustannie poszerzamy ofert\u0119 naszej hurtowni. Dzi\u0119ki czemu mo\u017cliwe jest dokonanie kompleksowych zakup\u00f3w w jednym miejscu. Zapraszamy!","breadcrumb":{"@id":"http:\/\/test.hts.com.pl\/aktualnosci\/#breadcrumb"},"inLanguage":"en-US","potentialAction":[{"@type":"ReadAction","target":["http:\/\/test.hts.com.pl\/aktualnosci\/"]}]},{"@type":"BreadcrumbList","@id":"http:\/\/test.hts.com.pl\/aktualnosci\/#breadcrumb","itemListElement":[{"@type":"ListItem","position":1,"name":"Strona g\u0142\u00f3wna","item":"http:\/\/test.hts.com.pl\/"},{"@type":"ListItem","position":2,"name":"news"}]},{"@type":"WebSite","@id":"http:\/\/test.hts.com.pl\/#website","url":"http:\/\/test.hts.com.pl\/","name":"hts","description":"ca\u0142y \u015bwiat wentylacji","potentialAction":[{"@type":"SearchAction","target":{"@type":"EntryPoint","urlTemplate":"http:\/\/test.hts.com.pl\/?s={search_term_string}"},"query-input":"required name=search_term_string"}],"inLanguage":"en-US"}]}},"_links":{"self":[{"href":"https:\/\/test.hts.com.pl\/en\/wp-json\/wp\/v2\/pages\/9701"}],"collection":[{"href":"https:\/\/test.hts.com.pl\/en\/wp-json\/wp\/v2\/pages"}],"about":[{"href":"https:\/\/test.hts.com.pl\/en\/wp-json\/wp\/v2\/types\/page"}],"author":[{"embeddable":true,"href":"https:\/\/test.hts.com.pl\/en\/wp-json\/wp\/v2\/users\/2"}],"replies":[{"embeddable":true,"href":"https:\/\/test.hts.com.pl\/en\/wp-json\/wp\/v2\/comments?post=9701"}],"version-history":[{"count":4,"href":"https:\/\/test.hts.com.pl\/en\/wp-json\/wp\/v2\/pages\/9701\/revisions"}],"predecessor-version":[{"id":15296,"href":"https:\/\/test.hts.com.pl\/en\/wp-json\/wp\/v2\/pages\/9701\/revisions\/15296"}],"wp:featuredmedia":[{"embeddable":true,"href":"https:\/\/test.hts.com.pl\/en\/wp-json\/wp\/v2\/media\/10048"}],"wp:attachment":[{"href":"https:\/\/test.hts.com.pl\/en\/wp-json\/wp\/v2\/media?parent=9701"}],"curies":[{"name":"wp","href":"https:\/\/api.w.org\/{rel}","templated":true}]}}