{"id":9702,"date":"2014-10-28T11:49:53","date_gmt":"2014-10-28T11:49:53","guid":{"rendered":"http:\/\/www.hts.com.pl\/o-nas\/"},"modified":"2017-11-29T12:43:09","modified_gmt":"2017-11-29T12:43:09","slug":"about-us","status":"publish","type":"page","link":"https:\/\/test.hts.com.pl\/en\/about-us\/","title":{"rendered":"about us"},"content":{"rendered":"<div class=\"about-us-intro\">\n<h2 style=\"text-align: center;\">About us<\/h2>\n<\/div>\n<div class=\"about-us-content\">\n<p>We are leading wholesaler on the HVAC market for decade! Our priority is YOUR satisfaction and gladness.<\/p>\n<p>HTS POLSKA was established as a response needs of HVAC clients in 2004. Since then, we earned recognition and appreciation, based on professional and fast service. We cooperate and distribute products from trusted partners such as: DEC International, Armacell, Aspen, Belimo, Bio-Earth, Bosch, Climaver, Darco, Daikin, Den Braven, Fischer, Flakt Bovent, Frapol, Gree, Gripple, Haier, Halton, Harmann, Helios, Hisense, Interchemall, Irmark, K-Flex, Koelner, Konwektor, Lennox, Lindab, LG, Loximide, Makita, Marcopol, Mercor, Metalplast, Mitsubishi Electric, Neo Tools, Nibco, Paroc, \u00d6stberg, RDJ-Klima, Rockwool, Rollfix, Rosenberg, Salda, Smay, Sonniger, Soudal, Supertape, Swegon, Systemair, Topex, Trox, Uniwersal, VBW, Vents, Venture Industries, VTS, Walraven, W\u00fcrth<\/p>\n<h2 style=\"text-align: center;\">Our advantages<\/h2>\n<\/div>\n","protected":false},"excerpt":{"rendered":"<p>About us We are leading wholesaler on the HVAC market for decade! Our priority is YOUR satisfaction and gladness. HTS POLSKA was established as a response needs of HVAC clients [&hellip;]<\/p>\n","protected":false},"author":2,"featured_media":10047,"parent":0,"menu_order":0,"comment_status":"open","ping_status":"closed","template":"","meta":{"footnotes":""},"acf":[],"yoast_head":"<!-- This site is optimized with the Yoast SEO plugin v21.3 - https:\/\/yoast.com\/wordpress\/plugins\/seo\/ -->\n<title>O nas - hurtownia HTS<\/title>\n<meta name=\"description\" content=\"W ofercie naszej hurtowni HTS posiadamy produkty wiod\u0105cych firm w bran\u017cy klimatyzacyjnej i wentylacyjnej. Zapraszamy do zapoznania si\u0119 z informacjami o naszej hurtowni oraz do sprawdzenia bogatej oferty.\" \/>\n<meta name=\"robots\" content=\"noindex, follow, max-snippet:-1, max-image-preview:large, max-video-preview:-1\" \/>\n<meta property=\"og:locale\" content=\"en_US\" \/>\n<meta property=\"og:type\" content=\"article\" \/>\n<meta property=\"og:title\" content=\"O nas - hurtownia HTS\" \/>\n<meta property=\"og:description\" content=\"W ofercie naszej hurtowni HTS posiadamy produkty wiod\u0105cych firm w bran\u017cy klimatyzacyjnej i wentylacyjnej. Zapraszamy do zapoznania si\u0119 z informacjami o naszej hurtowni oraz do sprawdzenia bogatej oferty.\" \/>\n<meta property=\"og:url\" content=\"http:\/\/test.hts.com.pl\/o-nas\/\" \/>\n<meta property=\"og:site_name\" content=\"hts\" \/>\n<meta property=\"article:modified_time\" content=\"2017-11-29T12:43:09+00:00\" \/>\n<meta property=\"og:image\" content=\"http:\/\/test.hts.com.pl\/wp-content\/uploads\/2014\/10\/banner-onas1.jpg\" \/>\n\t<meta property=\"og:image:width\" content=\"1400\" \/>\n\t<meta property=\"og:image:height\" content=\"250\" \/>\n\t<meta property=\"og:image:type\" content=\"image\/jpeg\" \/>\n<meta name=\"twitter:card\" content=\"summary_large_image\" \/>\n<meta name=\"twitter:label1\" content=\"Est. reading time\" \/>\n\t<meta name=\"twitter:data1\" content=\"1 minute\" \/>\n<script type=\"application\/ld+json\" class=\"yoast-schema-graph\">{\"@context\":\"https:\/\/schema.org\",\"@graph\":[{\"@type\":\"WebPage\",\"@id\":\"http:\/\/test.hts.com.pl\/o-nas\/\",\"url\":\"http:\/\/test.hts.com.pl\/o-nas\/\",\"name\":\"O nas - hurtownia HTS\",\"isPartOf\":{\"@id\":\"http:\/\/test.hts.com.pl\/#website\"},\"datePublished\":\"2014-10-28T11:49:53+00:00\",\"dateModified\":\"2017-11-29T12:43:09+00:00\",\"description\":\"W ofercie naszej hurtowni HTS posiadamy produkty wiod\u0105cych firm w bran\u017cy klimatyzacyjnej i wentylacyjnej. Zapraszamy do zapoznania si\u0119 z informacjami o naszej hurtowni oraz do sprawdzenia bogatej oferty.\",\"breadcrumb\":{\"@id\":\"http:\/\/test.hts.com.pl\/o-nas\/#breadcrumb\"},\"inLanguage\":\"en-US\",\"potentialAction\":[{\"@type\":\"ReadAction\",\"target\":[\"http:\/\/test.hts.com.pl\/o-nas\/\"]}]},{\"@type\":\"BreadcrumbList\",\"@id\":\"http:\/\/test.hts.com.pl\/o-nas\/#breadcrumb\",\"itemListElement\":[{\"@type\":\"ListItem\",\"position\":1,\"name\":\"Strona g\u0142\u00f3wna\",\"item\":\"http:\/\/test.hts.com.pl\/\"},{\"@type\":\"ListItem\",\"position\":2,\"name\":\"about us\"}]},{\"@type\":\"WebSite\",\"@id\":\"http:\/\/test.hts.com.pl\/#website\",\"url\":\"http:\/\/test.hts.com.pl\/\",\"name\":\"hts\",\"description\":\"ca\u0142y \u015bwiat wentylacji\",\"potentialAction\":[{\"@type\":\"SearchAction\",\"target\":{\"@type\":\"EntryPoint\",\"urlTemplate\":\"http:\/\/test.hts.com.pl\/?s={search_term_string}\"},\"query-input\":\"required name=search_term_string\"}],\"inLanguage\":\"en-US\"}]}<\/script>\n<!-- \/ Yoast SEO plugin. -->","yoast_head_json":{"title":"O nas - hurtownia HTS","description":"W ofercie naszej hurtowni HTS posiadamy produkty wiod\u0105cych firm w bran\u017cy klimatyzacyjnej i wentylacyjnej. Zapraszamy do zapoznania si\u0119 z informacjami o naszej hurtowni oraz do sprawdzenia bogatej oferty.","robots":{"index":"noindex","follow":"follow","max-snippet":"max-snippet:-1","max-image-preview":"max-image-preview:large","max-video-preview":"max-video-preview:-1"},"og_locale":"en_US","og_type":"article","og_title":"O nas - hurtownia HTS","og_description":"W ofercie naszej hurtowni HTS posiadamy produkty wiod\u0105cych firm w bran\u017cy klimatyzacyjnej i wentylacyjnej. Zapraszamy do zapoznania si\u0119 z informacjami o naszej hurtowni oraz do sprawdzenia bogatej oferty.","og_url":"http:\/\/test.hts.com.pl\/o-nas\/","og_site_name":"hts","article_modified_time":"2017-11-29T12:43:09+00:00","og_image":[{"width":1400,"height":250,"url":"http:\/\/test.hts.com.pl\/wp-content\/uploads\/2014\/10\/banner-onas1.jpg","type":"image\/jpeg"}],"twitter_card":"summary_large_image","twitter_misc":{"Est. reading time":"1 minute"},"schema":{"@context":"https:\/\/schema.org","@graph":[{"@type":"WebPage","@id":"http:\/\/test.hts.com.pl\/o-nas\/","url":"http:\/\/test.hts.com.pl\/o-nas\/","name":"O nas - hurtownia HTS","isPartOf":{"@id":"http:\/\/test.hts.com.pl\/#website"},"datePublished":"2014-10-28T11:49:53+00:00","dateModified":"2017-11-29T12:43:09+00:00","description":"W ofercie naszej hurtowni HTS posiadamy produkty wiod\u0105cych firm w bran\u017cy klimatyzacyjnej i wentylacyjnej. Zapraszamy do zapoznania si\u0119 z informacjami o naszej hurtowni oraz do sprawdzenia bogatej oferty.","breadcrumb":{"@id":"http:\/\/test.hts.com.pl\/o-nas\/#breadcrumb"},"inLanguage":"en-US","potentialAction":[{"@type":"ReadAction","target":["http:\/\/test.hts.com.pl\/o-nas\/"]}]},{"@type":"BreadcrumbList","@id":"http:\/\/test.hts.com.pl\/o-nas\/#breadcrumb","itemListElement":[{"@type":"ListItem","position":1,"name":"Strona g\u0142\u00f3wna","item":"http:\/\/test.hts.com.pl\/"},{"@type":"ListItem","position":2,"name":"about us"}]},{"@type":"WebSite","@id":"http:\/\/test.hts.com.pl\/#website","url":"http:\/\/test.hts.com.pl\/","name":"hts","description":"ca\u0142y \u015bwiat wentylacji","potentialAction":[{"@type":"SearchAction","target":{"@type":"EntryPoint","urlTemplate":"http:\/\/test.hts.com.pl\/?s={search_term_string}"},"query-input":"required name=search_term_string"}],"inLanguage":"en-US"}]}},"_links":{"self":[{"href":"https:\/\/test.hts.com.pl\/en\/wp-json\/wp\/v2\/pages\/9702"}],"collection":[{"href":"https:\/\/test.hts.com.pl\/en\/wp-json\/wp\/v2\/pages"}],"about":[{"href":"https:\/\/test.hts.com.pl\/en\/wp-json\/wp\/v2\/types\/page"}],"author":[{"embeddable":true,"href":"https:\/\/test.hts.com.pl\/en\/wp-json\/wp\/v2\/users\/2"}],"replies":[{"embeddable":true,"href":"https:\/\/test.hts.com.pl\/en\/wp-json\/wp\/v2\/comments?post=9702"}],"version-history":[{"count":6,"href":"https:\/\/test.hts.com.pl\/en\/wp-json\/wp\/v2\/pages\/9702\/revisions"}],"predecessor-version":[{"id":15315,"href":"https:\/\/test.hts.com.pl\/en\/wp-json\/wp\/v2\/pages\/9702\/revisions\/15315"}],"wp:featuredmedia":[{"embeddable":true,"href":"https:\/\/test.hts.com.pl\/en\/wp-json\/wp\/v2\/media\/10047"}],"wp:attachment":[{"href":"https:\/\/test.hts.com.pl\/en\/wp-json\/wp\/v2\/media?parent=9702"}],"curies":[{"name":"wp","href":"https:\/\/api.w.org\/{rel}","templated":true}]}}